{"id":56,"date":"2025-01-06T14:59:22","date_gmt":"2025-01-06T14:59:22","guid":{"rendered":"http:\/\/klik-marketing.pl\/?page_id=56"},"modified":"2025-01-06T19:09:02","modified_gmt":"2025-01-06T19:09:02","slug":"regulamin","status":"publish","type":"page","link":"https:\/\/klik-marketing.pl\/index.php\/regulamin\/","title":{"rendered":"Regulamin"},"content":{"rendered":"\n<h3 class=\"wp-block-heading\">Og\u00f3lne warunki umowy<\/h3>\n\n\n\n<p>1.\u00a0<strong>Definicje<\/strong><br>Umowa \u2013 Umowa \u015awiadczenia Us\u0142ug zawarta mi\u0119dzy Wykonawc\u0105 a Zamawiaj\u0105cym.<br>Wykonawca \u2013 Klik Marketing Kamila Ca\u0142us 81-183 Gdynia, ul. Boisko 37\/45 nr NIP: 949-202-08-22<br>Zamawiaj\u0105cy \u2013 podmiot fizyczny\/prawny\/jednostka organizacyjna niemaj\u0105ca osobowo\u015bci prawnej, zawieraj\u0105cy Umow\u0119.<br>Strony \u2013 Wykonawca i Zamawiaj\u0105cy zwi\u0105zani Umow\u0105.<br>Us\u0142uga \u2013 przedmiot Umowy.<br>OWU \u2013 Og\u00f3lne Warunki Umowy.<br><br>2.\u00a0<strong>Warunki Umowy<\/strong><br>2.1 Zawarcie Umowy zobowi\u0105zuje Wykonawc\u0119 do wykonania Us\u0142ugi w zgodzie z oczekiwaniami Zamawiaj\u0105cego, z za\u0142o\u017ceniem postanowie\u0144 OWU.<br>2.2 Zawarcie Umowy zobowi\u0105zuje Zamawiaj\u0105cego do wyp\u0142aty Wykonawcy wynagrodzenia w kwocie i na warunkach zawartych w Umowie.<br>2.3 Zamawiaj\u0105cy zobowi\u0105zuje si\u0119 do dostarczenia materia\u0142\u00f3w i\/lub informacji potrzebnych do wykonania Us\u0142ugi w terminie nie d\u0142u\u017cszym ni\u017c 14 dni bie\u017c\u0105cych, o ile Umowa nie stanowi inaczej.<br>2.4 Wykonawca zobowi\u0105zuje si\u0119 do przedstawienia projektu Us\u0142ugi w terminie nie d\u0142u\u017cszym ni\u017c 30 dni bie\u017c\u0105cych od daty otrzymania materia\u0142\u00f3w i\/lub informacji potrzebnych do wykonania Us\u0142ugi, o ile Umowa nie stanowi inaczej.<br>2.5 Zamawiaj\u0105cy ma prawo do wniesienia uzasadnionych zastrze\u017ce\u0144 do projektu Us\u0142ugi w terminie nie d\u0142u\u017cszym ni\u017c 14 dni bie\u017c\u0105cych od daty przedstawienia rzeczonego.<br>2.6 Wykonawca ma prawo do publikacji Us\u0142ugi w formie przedstawionej w projekcie w przypadku braku stanowiska Zamawiaj\u0105cego w terminie przewidzianym w punkcie 2.5 OWU.<br>2.7 Wykonawca zobowi\u0105zuje si\u0119 do publikacji Us\u0142ugi w terminie nie d\u0142u\u017cszym ni\u017c 30 dni bie\u017c\u0105cych od daty uzyskania akceptacji projektu przez Zamawiaj\u0105cego, o ile Umowa nie stanowi inaczej oraz z uwzgl\u0119dnieniem za\u0142o\u017ce\u0144 punktu 2.6 OWU.<br>2.8 Zamawiaj\u0105cy ma prawo do wniesienia o zmiany informacji\/materia\u0142\u00f3w zawartych w trwaj\u0105cej Us\u0142udze, na zasadach uj\u0119tych w Umowie lub w formie odr\u0119bnego porozumienia.<br>2.9 Wykonawca ma prawo odm\u00f3wi\u0107 publikacji Us\u0142ugi opieraj\u0105cej si\u0119 na materia\u0142ach nie spe\u0142niaj\u0105cych wymog\u00f3w technicznych.<br><br>3.\u00a0<strong>Prawa autorskie i prawa w\u0142asne<\/strong><br>3.1 Wykonawca nie ponosi odpowiedzialno\u015bci z tytu\u0142u Praw autorskich i praw pokrewnych, Praw w\u0142asno\u015bci przemys\u0142owej oraz dobra os\u00f3b trzecich, za informacje i materia\u0142y dostarczane przez Zamawiaj\u0105cego.<br>3.2 Informacje oraz materia\u0142y dostarczane przez Zamawiaj\u0105cego musz\u0105 by\u0107 zgodne z obowi\u0105zuj\u0105cymi w tym zakresie, przepisami prawa polskiego, ze szczeg\u00f3lnym uwzgl\u0119dnieniem ustawy o Prawach autorskich i prawach pochodnych oraz regulacj\u0105 dotycz\u0105c\u0105 Praw w\u0142asno\u015bci przemys\u0142owych.<br>3.3 Informacje oraz materia\u0142y dostarczane przez Zamawiaj\u0105cego nie mog\u0105 narusza\u0107 dobra os\u00f3b trzecich.<br>3.4 Wykonawca ma prawo odm\u00f3wi\u0107 publikacji Us\u0142ugi w przypadku naruszenia za\u0142o\u017ce\u0144 punkt\u00f3w 3.2 oraz 3.3 OWU.<br><br>4.\u00a0<strong>Odst\u0105pienie od Umowy<\/strong><br>4.1 Wykonuj\u0105cy zastrzega sobie prawo do odst\u0105pienia od Umowy bez podania przyczyny, o czym jest zobowi\u0105zany, niezw\u0142ocznie powiadomi\u0107 Zamawiaj\u0105cego oraz wyp\u0142aci\u0107 odst\u0119pne w wysoko\u015bci wynagrodzenia zap\u0142aconego przez Zamawiaj\u0105cego do dnia odst\u0105pienia. W przypadku Us\u0142ugi cyklicznej, Zamawiaj\u0105cemu przys\u0142uguje zwrot zap\u0142aconego wynagrodzenia w wysoko\u015bci 1\/12 kwoty za ka\u017cdy nie rozpocz\u0119ty miesi\u0105c, z pozosta\u0142ego czasu trwania Umowy.<br>4.2 Wykonuj\u0105cy zastrzega sobie prawo do odst\u0105pienia od Umowy\/zawieszenia Us\u0142ugi w przypadku wyst\u0105pienia zw\u0142oki w wyp\u0142acie wynagrodzenia (\u00a74 ust. 2) w terminie przekraczaj\u0105cym 7 dni bie\u017c\u0105cych.<br>4.3 Zamawiaj\u0105cy ma prawo odst\u0105pi\u0107 od podpisanej Umowy, je\u017celi w ci\u0105gu 7 dni od daty podpisania Umowy prze\u015ble listem poleconym stosowne o\u015bwiadczenie po\u015bwiadczone podpisem i piecz\u0105tk\u0105 Zamawiaj\u0105cego do Biura firmy Klik Marketing oraz zap\u0142aci wydawcy \/ reklamodawcy odst\u0119pne w wysoko\u015bci 25% warto\u015bci Umowy brutto.<br>4.4 Je\u017celi odst\u0105pienie nast\u0105pi\u0142o po up\u0142ywie 7 dni od daty podpisania Umowy, Zamawiaj\u0105cy pokrywa 100% warto\u015bci Umowy. W przeciwnym przypadku odst\u0105pienie od Umowy jest nieskuteczne.<br><br>5.\u00a0<strong>Postanowienia ko\u0144cowe<\/strong><br>5.1 Zamawiaj\u0105cemu przys\u0142uguje prawo do pisemnej reklamacji w terminie do 14 dni bie\u017c\u0105cych od dnia publikacji Us\u0142ugi. Wykonawca zobowi\u0105zuje si\u0119 do rozpatrzenia i pisemnej odpowiedzi w terminie 14 dni bie\u017c\u0105cych od dnia otrzymania reklamacji.<br>5.2 Wykonawca jest zobowi\u0105zany do pisemnego powiadomienia Zamawiaj\u0105cego o zmianach w niniejszych OWU, dokonanych w trakcie trwania Umowy.<br>5.3 Kwestie sporne, wynikaj\u0105ce z Umowy lub\/i OWU lub\/i niezawarte w powy\u017cszych b\u0119d\u0105 rozstrzygane przez organy prawne w\u0142a\u015bciwe dla siedziby Wykonawcy.<br>5.4 Zawieraj\u0105c Umow\u0119, Strony deklaruj\u0105 i\u017c zapozna\u0142y si\u0119 z postanowieniami OWU a tak\u017ce Polityki prywatno\u015bci, oraz w pe\u0142ni je akceptuj\u0105.<\/p>\n","protected":false},"excerpt":{"rendered":"<p>Og\u00f3lne warunki umowy 1.\u00a0DefinicjeUmowa \u2013 Umowa \u015awiadczenia Us\u0142ug zawarta mi\u0119dzy Wykonawc\u0105 a Zamawiaj\u0105cym.Wykonawca \u2013 Klik Marketing Kamila Ca\u0142us 81-183 Gdynia, ul. Boisko 37\/45 nr NIP: 949-202-08-22Zamawiaj\u0105cy \u2013 podmiot fizyczny\/prawny\/jednostka organizacyjna niemaj\u0105ca osobowo\u015bci prawnej, zawieraj\u0105cy Umow\u0119.Strony \u2013 Wykonawca i Zamawiaj\u0105cy zwi\u0105zani Umow\u0105.Us\u0142uga \u2013 przedmiot Umowy.OWU \u2013 Og\u00f3lne Warunki Umowy. 2.\u00a0Warunki Umowy2.1 [&hellip;]<\/p>\n","protected":false},"author":1,"featured_media":0,"parent":0,"menu_order":0,"comment_status":"closed","ping_status":"closed","template":"","meta":{"_themeisle_gutenberg_block_has_review":false,"footnotes":""},"class_list":["post-56","page","type-page","status-publish","hentry"],"_links":{"self":[{"href":"https:\/\/klik-marketing.pl\/index.php\/wp-json\/wp\/v2\/pages\/56","targetHints":{"allow":["GET"]}}],"collection":[{"href":"https:\/\/klik-marketing.pl\/index.php\/wp-json\/wp\/v2\/pages"}],"about":[{"href":"https:\/\/klik-marketing.pl\/index.php\/wp-json\/wp\/v2\/types\/page"}],"author":[{"embeddable":true,"href":"https:\/\/klik-marketing.pl\/index.php\/wp-json\/wp\/v2\/users\/1"}],"replies":[{"embeddable":true,"href":"https:\/\/klik-marketing.pl\/index.php\/wp-json\/wp\/v2\/comments?post=56"}],"version-history":[{"count":2,"href":"https:\/\/klik-marketing.pl\/index.php\/wp-json\/wp\/v2\/pages\/56\/revisions"}],"predecessor-version":[{"id":123,"href":"https:\/\/klik-marketing.pl\/index.php\/wp-json\/wp\/v2\/pages\/56\/revisions\/123"}],"wp:attachment":[{"href":"https:\/\/klik-marketing.pl\/index.php\/wp-json\/wp\/v2\/media?parent=56"}],"curies":[{"name":"wp","href":"https:\/\/api.w.org\/{rel}","templated":true}]}}