{"id":54,"date":"2025-01-06T14:59:22","date_gmt":"2025-01-06T14:59:22","guid":{"rendered":"http:\/\/klik-marketing.pl\/?page_id=54"},"modified":"2025-01-06T19:13:24","modified_gmt":"2025-01-06T19:13:24","slug":"uslugi","status":"publish","type":"page","link":"https:\/\/klik-marketing.pl\/index.php\/uslugi\/","title":{"rendered":"Us\u0142ugi"},"content":{"rendered":"\n<p><\/p>\n\n\n\n<p><strong>1. Tworzenie stron www<\/strong><br>Profesjonalna strona internetowa to podstawa w budowaniu wizerunku Twojej firmy online. Projektujemy funkcjonalne, estetyczne i responsywne strony, kt\u00f3re przyci\u0105gaj\u0105 klient\u00f3w, zwi\u0119kszaj\u0105 konwersje i buduj\u0105 zaufanie. Dbamy o ka\u017cdy szczeg\u00f3\u0142, od uk\u0142adu tre\u015bci po optymalizacj\u0119 SEO, aby Twoja strona by\u0142a \u0142atwa do znalezienia w wyszukiwarkach.<\/p>\n\n\n\n<p><strong>2. Tworzenie wizyt\u00f3wek w Google<\/strong><br>Google Moja Firma to kluczowy element lokalnej promocji. Pomagamy stworzy\u0107 i zoptymalizowa\u0107 profil Twojej firmy, aby by\u0142a widoczna w Mapach Google oraz wynikach wyszukiwania. Dzi\u0119ki profesjonalnej wizyt\u00f3wce przyci\u0105gniesz nowych klient\u00f3w i zwi\u0119kszysz swoj\u0105 obecno\u015b\u0107 w Internecie, co ma ogromne znaczenie dla lokalnego SEO.<\/p>\n\n\n\n<p><strong>3. Marketing szeptany<\/strong><br>Marketing szeptany to subtelna i skuteczna metoda promocji Twojej marki. Anga\u017cujemy u\u017cytkownik\u00f3w w naturalne rozmowy o Twoich produktach lub us\u0142ugach, co skutkuje organicznym rozprzestrzenianiem si\u0119 pozytywnych opinii. Dzi\u0119ki tej metodzie Twoja firma zyskuje zaufanie i polecenia, kt\u00f3re s\u0105 nieocenion\u0105 warto\u015bci\u0105 na rynku lokalnym.<\/p>\n\n\n\n<p><strong>4. Social Media<\/strong><br>Media spo\u0142eczno\u015bciowe to pot\u0119\u017cne narz\u0119dzie do komunikacji z Twoimi klientami. Pomagamy w budowaniu sp\u00f3jnej strategii obecno\u015bci na platformach takich jak Facebook, Instagram czy LinkedIn, anga\u017cuj\u0105c u\u017cytkownik\u00f3w w interakcje z Twoj\u0105 mark\u0105. Tworzymy kreatywne kampanie, kt\u00f3re zwi\u0119kszaj\u0105 rozpoznawalno\u015b\u0107, lojalno\u015b\u0107 i konwersje, a tak\u017ce umo\u017cliwiaj\u0105 bezpo\u015bredni kontakt z Twoj\u0105 spo\u0142eczno\u015bci\u0105.<\/p>\n\n\n\n<p>Ka\u017cd\u0105 z tych us\u0142ug traktujemy indywidualnie, dopasowuj\u0105c rozwi\u0105zania do specyfiki Twojego biznesu i cel\u00f3w. Skontaktuj si\u0119 z nami, a razem stworzymy strategi\u0119, kt\u00f3ra pomo\u017ce Ci osi\u0105gn\u0105\u0107 sukces w Internecie!<\/p>\n\n\n\n<p><\/p>\n","protected":false},"excerpt":{"rendered":"<p>1. Tworzenie stron wwwProfesjonalna strona internetowa to podstawa w budowaniu wizerunku Twojej firmy online. Projektujemy funkcjonalne, estetyczne i responsywne strony, kt\u00f3re przyci\u0105gaj\u0105 klient\u00f3w, zwi\u0119kszaj\u0105 konwersje i buduj\u0105 zaufanie. Dbamy o ka\u017cdy szczeg\u00f3\u0142, od uk\u0142adu tre\u015bci po optymalizacj\u0119 SEO, aby Twoja strona by\u0142a \u0142atwa do znalezienia w wyszukiwarkach. 2. Tworzenie wizyt\u00f3wek [&hellip;]<\/p>\n","protected":false},"author":1,"featured_media":0,"parent":0,"menu_order":0,"comment_status":"closed","ping_status":"closed","template":"","meta":{"_themeisle_gutenberg_block_has_review":false,"footnotes":""},"class_list":["post-54","page","type-page","status-publish","hentry"],"_links":{"self":[{"href":"https:\/\/klik-marketing.pl\/index.php\/wp-json\/wp\/v2\/pages\/54","targetHints":{"allow":["GET"]}}],"collection":[{"href":"https:\/\/klik-marketing.pl\/index.php\/wp-json\/wp\/v2\/pages"}],"about":[{"href":"https:\/\/klik-marketing.pl\/index.php\/wp-json\/wp\/v2\/types\/page"}],"author":[{"embeddable":true,"href":"https:\/\/klik-marketing.pl\/index.php\/wp-json\/wp\/v2\/users\/1"}],"replies":[{"embeddable":true,"href":"https:\/\/klik-marketing.pl\/index.php\/wp-json\/wp\/v2\/comments?post=54"}],"version-history":[{"count":3,"href":"https:\/\/klik-marketing.pl\/index.php\/wp-json\/wp\/v2\/pages\/54\/revisions"}],"predecessor-version":[{"id":166,"href":"https:\/\/klik-marketing.pl\/index.php\/wp-json\/wp\/v2\/pages\/54\/revisions\/166"}],"wp:attachment":[{"href":"https:\/\/klik-marketing.pl\/index.php\/wp-json\/wp\/v2\/media?parent=54"}],"curies":[{"name":"wp","href":"https:\/\/api.w.org\/{rel}","templated":true}]}}