{"id":53,"date":"2025-01-06T14:59:22","date_gmt":"2025-01-06T14:59:22","guid":{"rendered":"http:\/\/klik-marketing.pl\/?page_id=53"},"modified":"2025-01-06T19:11:01","modified_gmt":"2025-01-06T19:11:01","slug":"o-nas","status":"publish","type":"page","link":"https:\/\/klik-marketing.pl\/index.php\/o-nas\/","title":{"rendered":"O nas"},"content":{"rendered":"\n<p>Jeste\u015bmy ma\u0142\u0105 agencj\u0105 marketingow\u0105, kt\u00f3ra z pasj\u0105 wspiera lokalne biznesy w budowaniu silnej obecno\u015bci w Internecie. Zdajemy sobie spraw\u0119, jak wa\u017cne jest dla ma\u0142ych firm efektywne dotarcie do swoich klient\u00f3w, dlatego tworzymy rozwi\u0105zania marketingowe, kt\u00f3re s\u0105 dopasowane do indywidualnych potrzeb i bud\u017cet\u00f3w. Nasze podej\u015bcie jest proste: <strong>ka\u017cdy klient to nasz partner<\/strong>, a jego sukces to nasz cel.<\/p>\n\n\n\n<p>W Klik-Marketing \u0142\u0105czymy kreatywno\u015b\u0107 z profesjonalizmem. Nasz zesp\u00f3\u0142 sk\u0142ada si\u0119 z do\u015bwiadczonych specjalist\u00f3w, kt\u00f3rzy doskonale rozumiej\u0105 specyfik\u0119 lokalnego rynku. Dzi\u0119ki naszemu do\u015bwiadczeniu i zaanga\u017cowaniu pomagamy ma\u0142ym firmom w takich obszarach jak wizyt\u00f3wki Google, marketing w mediach spo\u0142eczno\u015bciowych, tworzenie stron internetowych czy marketing szeptany.<\/p>\n\n\n\n<p>Jako ma\u0142a agencja, stawiamy na bezpo\u015bredni kontakt i blisk\u0105 wsp\u00f3\u0142prac\u0119 z klientami, traktuj\u0105c ka\u017cdy projekt indywidualnie. Naszym celem jest nie tylko dostarczenie wynik\u00f3w, ale tak\u017ce budowanie d\u0142ugotrwa\u0142ych relacji opartych na zaufaniu i sukcesie.<\/p>\n\n\n\n<p>Razem z nami mo\u017cesz osi\u0105gn\u0105\u0107 wi\u0119cej!<\/p>\n","protected":false},"excerpt":{"rendered":"<p>Jeste\u015bmy ma\u0142\u0105 agencj\u0105 marketingow\u0105, kt\u00f3ra z pasj\u0105 wspiera lokalne biznesy w budowaniu silnej obecno\u015bci w Internecie. Zdajemy sobie spraw\u0119, jak wa\u017cne jest dla ma\u0142ych firm efektywne dotarcie do swoich klient\u00f3w, dlatego tworzymy rozwi\u0105zania marketingowe, kt\u00f3re s\u0105 dopasowane do indywidualnych potrzeb i bud\u017cet\u00f3w. Nasze podej\u015bcie jest proste: ka\u017cdy klient to nasz [&hellip;]<\/p>\n","protected":false},"author":1,"featured_media":0,"parent":0,"menu_order":0,"comment_status":"closed","ping_status":"closed","template":"","meta":{"_themeisle_gutenberg_block_has_review":false,"footnotes":""},"class_list":["post-53","page","type-page","status-publish","hentry"],"_links":{"self":[{"href":"https:\/\/klik-marketing.pl\/index.php\/wp-json\/wp\/v2\/pages\/53","targetHints":{"allow":["GET"]}}],"collection":[{"href":"https:\/\/klik-marketing.pl\/index.php\/wp-json\/wp\/v2\/pages"}],"about":[{"href":"https:\/\/klik-marketing.pl\/index.php\/wp-json\/wp\/v2\/types\/page"}],"author":[{"embeddable":true,"href":"https:\/\/klik-marketing.pl\/index.php\/wp-json\/wp\/v2\/users\/1"}],"replies":[{"embeddable":true,"href":"https:\/\/klik-marketing.pl\/index.php\/wp-json\/wp\/v2\/comments?post=53"}],"version-history":[{"count":3,"href":"https:\/\/klik-marketing.pl\/index.php\/wp-json\/wp\/v2\/pages\/53\/revisions"}],"predecessor-version":[{"id":125,"href":"https:\/\/klik-marketing.pl\/index.php\/wp-json\/wp\/v2\/pages\/53\/revisions\/125"}],"wp:attachment":[{"href":"https:\/\/klik-marketing.pl\/index.php\/wp-json\/wp\/v2\/media?parent=53"}],"curies":[{"name":"wp","href":"https:\/\/api.w.org\/{rel}","templated":true}]}}