{"id":44,"date":"2025-01-06T14:59:22","date_gmt":"2025-01-06T14:59:22","guid":{"rendered":"http:\/\/klik-marketing.pl\/?page_id=44"},"modified":"2025-01-06T17:46:01","modified_gmt":"2025-01-06T17:46:01","slug":"strona-glowna","status":"publish","type":"page","link":"https:\/\/klik-marketing.pl\/","title":{"rendered":"Strona g\u0142\u00f3wna"},"content":{"rendered":"\t\t<div data-elementor-type=\"wp-page\" data-elementor-id=\"44\" class=\"elementor elementor-44\">\n\t\t\t\t<div class=\"elementor-element elementor-element-7ab471f e-grid e-con-boxed e-con e-parent\" data-id=\"7ab471f\" data-element_type=\"container\" data-e-type=\"container\">\n\t\t\t\t\t<div class=\"e-con-inner\">\n\t\t\t\t<div class=\"elementor-element elementor-element-298d48f elementor-widget__width-auto elementor-widget elementor-widget-heading\" data-id=\"298d48f\" data-element_type=\"widget\" data-e-type=\"widget\" data-widget_type=\"heading.default\">\n\t\t\t\t<div class=\"elementor-widget-container\">\n\t\t\t\t\t<h2 class=\"elementor-heading-title elementor-size-default\">O nas<\/h2>\t\t\t\t<\/div>\n\t\t\t\t<\/div>\n\t\t\t\t<div class=\"elementor-element elementor-element-9a146c0 elementor-widget__width-inherit elementor-widget elementor-widget-text-editor\" data-id=\"9a146c0\" data-element_type=\"widget\" data-e-type=\"widget\" data-widget_type=\"text-editor.default\">\n\t\t\t\t<div class=\"elementor-widget-container\">\n\t\t\t\t\t\t\t\t\t<p>Jeste\u015bmy ma\u0142\u0105 agencj\u0105 marketingow\u0105, kt\u00f3ra rozumie wyzwania ma\u0142ych biznes\u00f3w. Dlatego oferujemy profesjonalne wsparcie, kt\u00f3re nie przyt\u0142acza skomplikowanymi strategiami ani nie zrujnuje Twojego bud\u017cetu. Ka\u017cdy klient to dla nas partner \u2013 znamy Twoje potrzeby, bo sami jeste\u015bmy ma\u0142\u0105 firm\u0105 i wiemy, jak wa\u017cna jest ka\u017cda inwestycja.<\/p>\n<p>Nasze podej\u015bcie \u0142\u0105czy <strong>jako\u015b\u0107 du\u017cych agencji<\/strong> z <strong>indywidualnym podej\u015bciem<\/strong>, na kt\u00f3re zas\u0142ugujesz. Zawsze s\u0142uchamy, doradzamy i wsp\u00f3lnie z Tob\u0105 tworzymy rozwi\u0105zania, kt\u00f3re przynosz\u0105 realne efekty. Niezale\u017cnie od tego, czy dopiero zaczynasz, czy chcesz rozwin\u0105\u0107 sw\u00f3j biznes \u2013 jeste\u015bmy tutaj, by pom\u00f3c. <strong>Ma\u0142a agencja. Wielkie zaanga\u017cowanie.<\/strong><\/p>\t\t\t\t\t\t\t\t<\/div>\n\t\t\t\t<\/div>\n\t\t\t\t\t<\/div>\n\t\t\t\t<\/div>\n\t\t\t\t<\/div>\n\t\t","protected":false},"excerpt":{"rendered":"<p>O nas Jeste\u015bmy ma\u0142\u0105 agencj\u0105 marketingow\u0105, kt\u00f3ra rozumie wyzwania ma\u0142ych biznes\u00f3w. Dlatego oferujemy profesjonalne wsparcie, kt\u00f3re nie przyt\u0142acza skomplikowanymi strategiami ani nie zrujnuje Twojego bud\u017cetu. Ka\u017cdy klient to dla nas partner \u2013 znamy Twoje potrzeby, bo sami jeste\u015bmy ma\u0142\u0105 firm\u0105 i wiemy, jak wa\u017cna jest ka\u017cda inwestycja. Nasze podej\u015bcie \u0142\u0105czy [&hellip;]<\/p>\n","protected":false},"author":1,"featured_media":67,"parent":0,"menu_order":0,"comment_status":"closed","ping_status":"closed","template":"","meta":{"_themeisle_gutenberg_block_has_review":false,"footnotes":""},"class_list":["post-44","page","type-page","status-publish","has-post-thumbnail","hentry"],"_links":{"self":[{"href":"https:\/\/klik-marketing.pl\/index.php\/wp-json\/wp\/v2\/pages\/44","targetHints":{"allow":["GET"]}}],"collection":[{"href":"https:\/\/klik-marketing.pl\/index.php\/wp-json\/wp\/v2\/pages"}],"about":[{"href":"https:\/\/klik-marketing.pl\/index.php\/wp-json\/wp\/v2\/types\/page"}],"author":[{"embeddable":true,"href":"https:\/\/klik-marketing.pl\/index.php\/wp-json\/wp\/v2\/users\/1"}],"replies":[{"embeddable":true,"href":"https:\/\/klik-marketing.pl\/index.php\/wp-json\/wp\/v2\/comments?post=44"}],"version-history":[{"count":4,"href":"https:\/\/klik-marketing.pl\/index.php\/wp-json\/wp\/v2\/pages\/44\/revisions"}],"predecessor-version":[{"id":118,"href":"https:\/\/klik-marketing.pl\/index.php\/wp-json\/wp\/v2\/pages\/44\/revisions\/118"}],"wp:featuredmedia":[{"embeddable":true,"href":"https:\/\/klik-marketing.pl\/index.php\/wp-json\/wp\/v2\/media\/67"}],"wp:attachment":[{"href":"https:\/\/klik-marketing.pl\/index.php\/wp-json\/wp\/v2\/media?parent=44"}],"curies":[{"name":"wp","href":"https:\/\/api.w.org\/{rel}","templated":true}]}}